{"id":2,"date":"2023-03-02T07:07:44","date_gmt":"2023-03-02T07:07:44","guid":{"rendered":"http:\/\/cihanturservis.com\/?page_id=2"},"modified":"2023-04-05T16:52:24","modified_gmt":"2023-04-05T13:52:24","slug":"sample-page","status":"publish","type":"page","link":"https:\/\/cihanturservis.com\/","title":{"rendered":""},"content":{"rendered":"\n<p>\u201cCan Ta\u015f\u0131yoruz. \u00d6nce G\u00fcven\u201d slogan\u0131yla yola \u00e7\u0131kan Cihan Tur, 10 y\u0131ll\u0131k tecr\u00fcbesi ile personel ve \u00f6\u011frenci ta\u015f\u0131mac\u0131l\u0131\u011f\u0131 alan\u0131ndaki en yeni geli\u015fmeleri takip ederek ve ileri teknolojileri kullanarak hizmet kalitesini geli\u015ftirmeye devam etmektedir.<\/p>\n\n\n\n<p>10 y\u0131ld\u0131r ta\u015f\u0131ma hizmeti veren Cihan Tur, 2013 y\u0131l\u0131nda b\u00fcnyesindeki ara\u00e7lar ile \u015fehir i\u00e7i personel ile \u00f6\u011frenci ta\u015f\u0131ma hizmetini sa\u011flamaktad\u0131r. Bursa&#8217;n\u0131n en yetkin ve g\u00fcvenilir firmalar\u0131ndan biri olmay\u0131 hedeflemektedir. Cihan Tur ad\u0131 alt\u0131nda \u00e7al\u0131\u015fmakta olan t\u00fcm ekip arkada\u015flar\u0131m\u0131z, mesle\u011finde bilgi sahibi, tecr\u00fcbeli ve sorumluluk alabilen ki\u015filerden olu\u015fmaktad\u0131r.<\/p>\n\n\n\n<blockquote class=\"wp-block-quote\">\n<p>Cihan Tur&#8217;da G\u00f6rebilecekleriniz;<\/p>\n\n\n\n<p>\u2022&nbsp;&nbsp;&nbsp;&nbsp;&nbsp;&nbsp;&nbsp;&nbsp;&nbsp;&nbsp;&nbsp;&nbsp; M\u00fc\u015fteri Memnuniyeti<\/p>\n\n\n\n<p>\u2022&nbsp;&nbsp;&nbsp;&nbsp;&nbsp;&nbsp;&nbsp;&nbsp;&nbsp;&nbsp;&nbsp;&nbsp; Bak\u0131ml\u0131 ve Konforlu Ara\u00e7lar<\/p>\n\n\n\n<p>\u2022&nbsp;&nbsp;&nbsp;&nbsp;&nbsp;&nbsp;&nbsp;&nbsp;&nbsp;&nbsp;&nbsp;&nbsp; Tecr\u00fcbeli ve Deneyimli Ekip<\/p>\n\n\n\n<p>\u2022&nbsp;&nbsp;&nbsp;&nbsp;&nbsp;&nbsp;&nbsp;&nbsp;&nbsp;&nbsp;&nbsp;&nbsp; G\u00fcven ve Sorumluluk<\/p>\n\n\n\n<p>\u2022\u00a0\u00a0\u00a0\u00a0\u00a0\u00a0\u00a0\u00a0\u00a0\u00a0\u00a0\u00a0 Kaliteli Hizmet Anlay\u0131\u015f\u0131<\/p>\n\n\n\n<p>Hizmet Alanlar\u0131m\u0131z<\/p>\n\n\n\n<p>\u2022&nbsp;&nbsp;&nbsp;&nbsp;&nbsp;&nbsp;&nbsp;&nbsp;&nbsp;&nbsp;&nbsp;&nbsp; Personel Servis Ta\u015f\u0131mac\u0131l\u0131\u011f\u0131<\/p>\n\n\n\n<p>\u2022&nbsp;&nbsp;&nbsp;&nbsp;&nbsp;&nbsp;&nbsp;&nbsp;&nbsp;&nbsp;&nbsp;&nbsp; \u00d6\u011frenci Servis Ta\u015f\u0131mac\u0131l\u0131\u011f\u0131<\/p>\n\n\n\n<p>\u2022&nbsp;&nbsp;&nbsp;&nbsp;&nbsp;&nbsp;&nbsp;&nbsp;&nbsp;&nbsp;&nbsp;&nbsp; Turizm Ta\u015f\u0131mac\u0131l\u0131\u011f\u0131<\/p>\n\n\n\n<p>\u2022&nbsp;&nbsp;&nbsp;&nbsp;&nbsp;&nbsp;&nbsp;&nbsp;&nbsp;&nbsp;&nbsp;&nbsp; VIP Ta\u015f\u0131ma Hizmetleri<\/p>\n\n\n\n<p>\u2022&nbsp;&nbsp;&nbsp;&nbsp;&nbsp;&nbsp;&nbsp;&nbsp;&nbsp;&nbsp;&nbsp;&nbsp; Havaalan\u0131 Ta\u015f\u0131ma Hizmetleri<\/p>\n\n\n\n<p>\u2022&nbsp;&nbsp;&nbsp;&nbsp;&nbsp;&nbsp;&nbsp;&nbsp;&nbsp;&nbsp;&nbsp;&nbsp; Okul \u2013 Kurs \u2013 Dernek Gezi Turlar\u0131<\/p>\n<\/blockquote>\n\n\n\n<p><\/p>\n\n\n\n<p><\/p>\n\n\n\n<p><\/p>\n","protected":false},"excerpt":{"rendered":"<p>\u201cCan Ta\u015f\u0131yoruz. \u00d6nce G\u00fcven\u201d slogan\u0131yla yola \u00e7\u0131kan Cihan Tur, 10 y\u0131ll\u0131k tecr\u00fcbesi ile personel ve \u00f6\u011frenci ta\u015f\u0131mac\u0131l\u0131\u011f\u0131 alan\u0131ndaki en yeni geli\u015fmeleri takip ederek ve ileri teknolojileri kullanarak hizmet kalitesini geli\u015ftirmeye devam etmektedir. 10 y\u0131ld\u0131r ta\u015f\u0131ma hizmeti veren Cihan Tur, 2013 y\u0131l\u0131nda b\u00fcnyesindeki ara\u00e7lar ile \u015fehir i\u00e7i personel ile \u00f6\u011frenci ta\u015f\u0131ma [&hellip;]<\/p>\n","protected":false},"author":1,"featured_media":0,"parent":0,"menu_order":0,"comment_status":"closed","ping_status":"open","template":"","meta":[],"_links":{"self":[{"href":"https:\/\/cihanturservis.com\/index.php\/wp-json\/wp\/v2\/pages\/2"}],"collection":[{"href":"https:\/\/cihanturservis.com\/index.php\/wp-json\/wp\/v2\/pages"}],"about":[{"href":"https:\/\/cihanturservis.com\/index.php\/wp-json\/wp\/v2\/types\/page"}],"author":[{"embeddable":true,"href":"https:\/\/cihanturservis.com\/index.php\/wp-json\/wp\/v2\/users\/1"}],"replies":[{"embeddable":true,"href":"https:\/\/cihanturservis.com\/index.php\/wp-json\/wp\/v2\/comments?post=2"}],"version-history":[{"count":2,"href":"https:\/\/cihanturservis.com\/index.php\/wp-json\/wp\/v2\/pages\/2\/revisions"}],"predecessor-version":[{"id":103,"href":"https:\/\/cihanturservis.com\/index.php\/wp-json\/wp\/v2\/pages\/2\/revisions\/103"}],"wp:attachment":[{"href":"https:\/\/cihanturservis.com\/index.php\/wp-json\/wp\/v2\/media?parent=2"}],"curies":[{"name":"wp","href":"https:\/\/api.w.org\/{rel}","templated":true}]}}